{"id":80,"date":"2012-09-19T08:52:15","date_gmt":"2012-09-19T08:52:15","guid":{"rendered":"http:\/\/www.monevi.net\/2\/?page_id=80"},"modified":"2012-09-19T08:52:15","modified_gmt":"2012-09-19T08:52:15","slug":"hakkimizda","status":"publish","type":"page","link":"https:\/\/monevi.info\/?page_id=80","title":{"rendered":"Hakk\u0131m\u0131zda"},"content":{"rendered":"<p><span style=\"font-size: small;\">\u00a0 \u00a0 \u00a0Avukat b\u00fcrosunun faaliyeti t\u00fcm \u00fclke \u00e7ap\u0131nda\u2019d\u0131r; Medeni\/sivil davalar, Ceza davalar\u0131, \u0130dari ve \u0130cra davalar\u0131 ile \u00e7al\u0131\u015f\u0131r ve adli s\u00fcrece temsilcilik sa\u011flar.<\/span><\/p>\n<p><span style=\"font-size: small;\">\u00a0 \u00a0 \u00a0Ekibimiz, yerli ve yabanc\u0131,hakiki ve hukuki \u015fah\u0131slar i\u00e7in,\u015fu konular\u2019da dan\u0131\u015fmanl\u0131k ve temsilcilik sa\u011flar :<\/span><\/p>\n<p><span style=\"font-size: small;\">&#8211; S\u00f6zle\u015fme ve s\u00f6zle\u015fme d\u0131\u015f\u0131 hukuk ba\u011flant\u0131lar\u0131;<\/span><\/p>\n<p><span style=\"font-size: small;\">&#8211; Aile ve miras\u00e7\u0131l\u0131k hukuku;<\/span><\/p>\n<p><span style=\"font-size: small;\">&#8211; Gayr\u0131menkul al\u0131m-sat\u0131m\u0131,kiralama,emlak\u00e7\u0131l\u0131k ve arac\u0131l\u0131k;<\/span><\/p>\n<p><span style=\"font-size: small;\">&#8211; B\u00f6lge y\u00f6netmeli\u011fi ve yap\u0131cl\u0131\u011f\u0131;<\/span><\/p>\n<p><span style=\"font-size: small;\">&#8211; Bulgaristan Cumhuriyetin\u2019de yabanc\u0131 Ticaret \u015eirketleri ve \u015eubeleri kay\u0131tlama;<\/span><\/p>\n<p><span style=\"font-size: small;\">&#8211; Kamu al\u0131mlar\u0131na ve i\u015flemlerine kat\u0131l\u0131m;<\/span><\/p>\n<p><span style=\"font-size: small;\">&#8211; Vergiler ve vergi indirimleri;<\/span><\/p>\n<p><span style=\"font-size: small;\">&#8211; Tasfiye ve iflas i\u015flemleri;<\/span><\/p>\n<p><span style=\"font-size: small;\">&#8211; Her t\u00fcr s\u00f6zle\u015fmeler,bor\u00e7lanma notlar\u0131 v.s. hazirlama<\/span><\/p>\n<p><span style=\"font-size: small;\">&#8211; Arac\u0131l\u0131k ve alternatif adliye d\u0131\u015f\u0131 anla\u015fmazl\u0131klar \u00e7\u00f6z\u00fcm\u00fc.<\/span><\/p>\n<p>&nbsp;<\/p>\n<p><span style=\"font-size: small;\"><strong>Bizler ile ba\u011flant\u0131 i\u00e7in:<\/strong><\/span><\/p>\n<p><span style=\"font-size: small;\"><strong>Bulgaria, Razgrad 7200, st.&#8221;Ludogrie&#8221; 6, first floor\u00a0<\/strong><\/span><\/p>\n<p><span style=\"font-size: small;\"><strong>Tel.: 00359\/84662299<\/strong><\/span><\/p>\n<p><span style=\"font-size: small;\"><strong>E-mail\/MSN\/Skype:\u00a0monevi2008@abv.bg<\/strong><\/span><\/p>\n<p><span style=\"font-size: small;\"><strong>GPS:\u00a0<\/strong><a href=\"http:\/\/maps.google.com\/maps?q=43.532146,26.518615\"><strong>43.532146,26.518615<\/strong><\/a><strong>\u00a0<\/strong><\/span><\/p>\n","protected":false},"excerpt":{"rendered":"<p>\u00a0 \u00a0 \u00a0Avukat b\u00fcrosunun faaliyeti t\u00fcm \u00fclke \u00e7ap\u0131nda\u2019d\u0131r; Medeni\/sivil davalar, Ceza davalar\u0131, \u0130dari ve \u0130cra davalar\u0131 ile \u00e7al\u0131\u015f\u0131r ve adli s\u00fcrece temsilcilik sa\u011flar. \u00a0 \u00a0 \u00a0Ekibimiz, yerli ve yabanc\u0131,hakiki ve hukuki \u015fah\u0131slar i\u00e7in,\u015fu konular\u2019da dan\u0131\u015fmanl\u0131k ve temsilcilik sa\u011flar : &#8211; S\u00f6zle\u015fme ve s\u00f6zle\u015fme d\u0131\u015f\u0131 hukuk ba\u011flant\u0131lar\u0131; &#8211; Aile ve miras\u00e7\u0131l\u0131k hukuku; &#8211; Gayr\u0131menkul al\u0131m-sat\u0131m\u0131,kiralama,emlak\u00e7\u0131l\u0131k ve [&hellip;]<\/p>\n","protected":false},"author":1,"featured_media":0,"parent":0,"menu_order":0,"comment_status":"closed","ping_status":"open","template":"","meta":{"footnotes":""},"_links":{"self":[{"href":"https:\/\/monevi.info\/index.php?rest_route=\/wp\/v2\/pages\/80"}],"collection":[{"href":"https:\/\/monevi.info\/index.php?rest_route=\/wp\/v2\/pages"}],"about":[{"href":"https:\/\/monevi.info\/index.php?rest_route=\/wp\/v2\/types\/page"}],"author":[{"embeddable":true,"href":"https:\/\/monevi.info\/index.php?rest_route=\/wp\/v2\/users\/1"}],"replies":[{"embeddable":true,"href":"https:\/\/monevi.info\/index.php?rest_route=%2Fwp%2Fv2%2Fcomments&post=80"}],"version-history":[{"count":0,"href":"https:\/\/monevi.info\/index.php?rest_route=\/wp\/v2\/pages\/80\/revisions"}],"wp:attachment":[{"href":"https:\/\/monevi.info\/index.php?rest_route=%2Fwp%2Fv2%2Fmedia&parent=80"}],"curies":[{"name":"wp","href":"https:\/\/api.w.org\/{rel}","templated":true}]}}